{"id":1290,"date":"2013-11-18T09:22:23","date_gmt":"2013-11-18T09:22:23","guid":{"rendered":"https:\/\/wl4www362.webland.ch\/guenstigautomieten\/?page_id=1290"},"modified":"2022-04-25T08:12:18","modified_gmt":"2022-04-25T06:12:18","slug":"map","status":"publish","type":"page","link":"https:\/\/wl4www362.webland.ch\/guenstigautomieten\/map","title":{"rendered":"Anfahrt"},"content":{"rendered":"<h1>Adresse:<\/h1>\n<p>AutoMieten Heim GmbH, Blumenaustrasse 21, 8400 Winterthur<\/p>\n<p><b>Anreise mit dem \u00d6V:<br \/>\n<\/b>Vom Bahnhof Winterthur mit der Buslinie 2 Richtung W\u00fclflingen bis Haltestelle Blumenau. Beim Lichtsignal die W\u00fclflingerstrasse \u00fcberqueren. Nach ca. 200 Metern an der Blumenaustrasse finden Sie unser B\u00fcro an der Hausnummer 21.<\/p>\n<p><code><iframe style=\"width: 560px; height: 420px; border: 0;\" src=\"https:\/\/map.search.ch\/695827,262454?embed=iframe\"><\/iframe><\/code><\/p>\n<p id=\"fotos\">.<\/p>\n<h1>Fotos:<\/h1>\n<table border=\"0\" width=\"100%\" cellspacing=\"2\" cellpadding=\"0\">\n<tbody>\n<tr>\n<td align=\"left\" valign=\"top\">\n<p><figure id=\"attachment_2782\" aria-describedby=\"caption-attachment-2782\" style=\"width: 300px\" class=\"wp-caption alignleft\"><a href=\"https:\/\/wl4www362.webland.ch\/guenstigautomieten\/wp-content\/uploads\/guenstige-mietautos\/Eingang21.jpg\"><img loading=\"lazy\" decoding=\"async\" class=\" size-full wp-image-2782\" src=\"https:\/\/wl4www362.webland.ch\/guenstigautomieten\/wp-content\/uploads\/guenstige-mietautos\/Eingang21.jpg\" alt=\"The entrance\" width=\"300\" height=\"400\" \/><\/a><figcaption id=\"caption-attachment-2782\" class=\"wp-caption-text\">Der Eingang<\/figcaption><\/figure><\/td>\n<td align=\"left\" valign=\"top\"><a href=\"https:\/\/wl4www362.webland.ch\/guenstigautomieten\/wp-content\/uploads\/guenstige-mietautos\/Buero41.jpg\"><img loading=\"lazy\" decoding=\"async\" class=\" size-full wp-image-2779\" src=\"https:\/\/wl4www362.webland.ch\/guenstigautomieten\/wp-content\/uploads\/guenstige-mietautos\/Buero41.jpg\" alt=\"The office\" width=\"300\" height=\"400\" \/><\/a><\/p>\n<p><figure id=\"attachment_2779\" aria-describedby=\"caption-attachment-2779\" style=\"width: 300px\" class=\"wp-caption alignleft\"><a href=\"https:\/\/wl4www362.webland.ch\/guenstigautomieten\/wp-content\/uploads\/guenstige-mietautos\/Buero21.jpg\"><img loading=\"lazy\" decoding=\"async\" class=\"size-full wp-image-2776 alignleft\" src=\"https:\/\/wl4www362.webland.ch\/guenstigautomieten\/wp-content\/uploads\/guenstige-mietautos\/Buero21.jpg\" alt=\"The office\" width=\"300\" height=\"400\" \/><\/a><figcaption id=\"caption-attachment-2779\" class=\"wp-caption-text\">Unser B\u00fcro<\/figcaption><\/figure><\/td>\n<\/tr>\n<tr>\n<td align=\"left\" valign=\"top\">\n<p><figure id=\"attachment_2754\" aria-describedby=\"caption-attachment-2754\" style=\"width: 300px\" class=\"wp-caption alignleft\"><a href=\"https:\/\/wl4www362.webland.ch\/guenstigautomieten\/wp-content\/uploads\/guenstige-mietautos\/Me11.jpg\"><img loading=\"lazy\" decoding=\"async\" class=\"wp-image-2754 size-full\" src=\"https:\/\/wl4www362.webland.ch\/guenstigautomieten\/wp-content\/uploads\/guenstige-mietautos\/Me11.jpg\" alt=\"Marcel Heim - Rental and advice\" width=\"300\" height=\"225\" \/><\/a><figcaption id=\"caption-attachment-2754\" class=\"wp-caption-text\">Marcel Heim &#8211; Vermietung und Beratung<\/figcaption><\/figure><\/td>\n<td align=\"left\" valign=\"top\">\n<p><figure id=\"attachment_2757\" aria-describedby=\"caption-attachment-2757\" style=\"width: 300px\" class=\"wp-caption alignleft\"><a href=\"https:\/\/wl4www362.webland.ch\/guenstigautomieten\/wp-content\/uploads\/guenstige-mietautos\/Darling11.jpg\"><img loading=\"lazy\" decoding=\"async\" class=\"wp-image-2757 size-full\" src=\"https:\/\/wl4www362.webland.ch\/guenstigautomieten\/wp-content\/uploads\/guenstige-mietautos\/Darling11.jpg\" alt=\"Annie Heim - Rental and advice\" width=\"300\" height=\"225\" \/><\/a><figcaption id=\"caption-attachment-2757\" class=\"wp-caption-text\">Annie Heim &#8211; Vermietung und Beratung<\/figcaption><\/figure><\/td>\n<\/tr>\n<tr>\n<td align=\"left\" valign=\"top\">\n<p><figure id=\"attachment_2768\" aria-describedby=\"caption-attachment-2768\" style=\"width: 300px\" class=\"wp-caption alignleft\"><a href=\"https:\/\/wl4www362.webland.ch\/guenstigautomieten\/wp-content\/uploads\/guenstige-mietautos\/Interstar-Weiss_Seitenansicht.jpg\"><img loading=\"lazy\" decoding=\"async\" class=\" size-full wp-image-2768\" src=\"https:\/\/wl4www362.webland.ch\/guenstigautomieten\/wp-content\/uploads\/guenstige-mietautos\/Interstar-Weiss_Seitenansicht.jpg\" alt=\"Interstar Weiss Side view\" width=\"300\" height=\"225\" \/><\/a><figcaption id=\"caption-attachment-2768\" class=\"wp-caption-text\">Interstar Weiss<\/figcaption><\/figure><\/td>\n<td align=\"left\" valign=\"top\">\n<p><figure id=\"attachment_2782\" aria-describedby=\"caption-attachment-2782\" style=\"width: 300px\" class=\"wp-caption alignleft\"><a href=\"https:\/\/wl4www362.webland.ch\/guenstigautomieten\/wp-content\/uploads\/guenstige-mietautos\/Interstar_Sitzbank.jpg\"><img loading=\"lazy\" decoding=\"async\" class=\" size-full wp-image-2782\" src=\"https:\/\/wl4www362.webland.ch\/guenstigautomieten\/wp-content\/uploads\/guenstige-mietautos\/Interstar_Sitzbank.jpg\" alt=\"benches Nissan Interstar\" width=\"300\" height=\"400\" \/><\/a><figcaption id=\"caption-attachment-2782\" class=\"wp-caption-text\">Sitzb\u00e4nke Nissan Interstar<\/figcaption><\/figure><\/td>\n<\/tr>\n<tr>\n<td align=\"left\" valign=\"top\">\n<div class=\"mceTemp\"><\/div>\n<p><figure id=\"attachment_2782\" aria-describedby=\"caption-attachment-2782\" style=\"width: 300px\" class=\"wp-caption alignleft\"><a href=\"https:\/\/wl4www362.webland.ch\/guenstigautomieten\/wp-content\/uploads\/guenstige-mietautos\/Interstar_Laderaum2.jpg\"><img loading=\"lazy\" decoding=\"async\" class=\" size-full wp-image-2782\" src=\"https:\/\/wl4www362.webland.ch\/guenstigautomieten\/wp-content\/uploads\/guenstige-mietautos\/Interstar_Laderaum2.jpg\" alt=\"Nissan Interstar as a 9-seater\" width=\"300\" height=\"400\" \/><\/a><figcaption id=\"caption-attachment-2782\" class=\"wp-caption-text\">Nissan Interstar als 9-Pl\u00e4tzer<\/figcaption><\/figure><\/td>\n<td align=\"left\" valign=\"top\">\n<p><figure id=\"attachment_2782\" aria-describedby=\"caption-attachment-2782\" style=\"width: 300px\" class=\"wp-caption alignleft\"><a href=\"https:\/\/wl4www362.webland.ch\/guenstigautomieten\/wp-content\/uploads\/guenstige-mietautos\/Interstar_Laderaum.jpg\"><img loading=\"lazy\" decoding=\"async\" class=\" size-full wp-image-2782\" src=\"https:\/\/wl4www362.webland.ch\/guenstigautomieten\/wp-content\/uploads\/guenstige-mietautos\/Interstar_Laderaum.jpg\" alt=\"Nissan Interstar as a 6-seater\" width=\"300\" height=\"400\" \/><\/a><figcaption id=\"caption-attachment-2782\" class=\"wp-caption-text\">Nissan Interstar als 6-Pl\u00e4tzer<\/figcaption><\/figure><\/td>\n<\/tr>\n<tr>\n<td align=\"left\" valign=\"top\">\n<div class=\"mceTemp\"><\/div>\n<p><figure id=\"attachment_2782\" aria-describedby=\"caption-attachment-2782\" style=\"width: 300px\" class=\"wp-caption alignleft\"><a href=\"https:\/\/wl4www362.webland.ch\/guenstigautomieten\/wp-content\/uploads\/guenstige-mietautos\/Interstar_Laderaum3.jpg\"><img loading=\"lazy\" decoding=\"async\" class=\" size-full wp-image-2782\" src=\"https:\/\/wl4www362.webland.ch\/guenstigautomieten\/wp-content\/uploads\/guenstige-mietautos\/Interstar_Laderaum3.jpg\" alt=\"Nissan Interstar as a transporter\" width=\"300\" height=\"400\" \/><\/a><figcaption id=\"caption-attachment-2782\" class=\"wp-caption-text\">Nissan Interstar als Transporter<\/figcaption><\/figure><\/td>\n<td align=\"left\" valign=\"top\">\n<div class=\"mceTemp\"><\/div>\n<p><figure id=\"attachment_2782\" aria-describedby=\"caption-attachment-2782\" style=\"width: 300px\" class=\"wp-caption alignleft\"><a href=\"https:\/\/wl4www362.webland.ch\/guenstigautomieten\/wp-content\/uploads\/\/guenstige-mietautos\/guenstige_autovermietung_Interstar_grau_Heck_Foto.jpg\"><img loading=\"lazy\" decoding=\"async\" class=\" size-full wp-image-2782\" src=\"https:\/\/wl4www362.webland.ch\/guenstigautomieten\/wp-content\/uploads\/\/guenstige-mietautos\/guenstige_autovermietung_Interstar_grau_Heck_Foto.jpg\" alt=\"Nissan Interstar grau\" width=\"300\" height=\"401\" \/><\/a><figcaption id=\"caption-attachment-2782\" class=\"wp-caption-text\">Nissan Interstar grau<\/figcaption><\/figure><\/td>\n<\/tr>\n<tr>\n<td align=\"left\" valign=\"top\">\n<div class=\"mceTemp\"><\/div>\n<p><figure id=\"attachment_2782\" aria-describedby=\"caption-attachment-2782\" style=\"width: 300px\" class=\"wp-caption alignleft\"><a href=\"https:\/\/wl4www362.webland.ch\/guenstigautomieten\/wp-content\/uploads\/guenstige-mietautos\/guenstige_autovermietung_VW_Golf_blau_Front_Foto.jpg\"><img loading=\"lazy\" decoding=\"async\" class=\" size-full wp-image-2782\" src=\"https:\/\/wl4www362.webland.ch\/guenstigautomieten\/wp-content\/uploads\/guenstige-mietautos\/guenstige_autovermietung_VW_Golf_blau_Front_Foto.jpg\" alt=\"VW Golf station wagon blau\" width=\"300\" height=\"401\" \/><\/a><figcaption id=\"caption-attachment-2782\" class=\"wp-caption-text\">VW Golf Kombi \u00a0blau<\/figcaption><\/figure><\/td>\n<td align=\"left\" valign=\"top\">\n<div class=\"mceTemp\"><\/div>\n<p><figure id=\"attachment_2782\" aria-describedby=\"caption-attachment-2782\" style=\"width: 300px\" class=\"wp-caption alignleft\"><a href=\"https:\/\/wl4www362.webland.ch\/guenstigautomieten\/wp-content\/uploads\/guenstige-mietautos\/guenstig_autovermieten_VW_Golf_IV_Kombi_Automat_weiss_3.jpg\"><img loading=\"lazy\" decoding=\"async\" class=\" size-full wp-image-2782\" src=\"https:\/\/wl4www362.webland.ch\/guenstigautomieten\/wp-content\/uploads\/guenstige-mietautos\/guenstig_autovermieten_VW_Golf_IV_Kombi_Automat_weiss_3.jpg\" alt=\"VW Golf IV station wagon weiss\" width=\"300\" height=\"401\" \/><\/a><figcaption id=\"caption-attachment-2782\" class=\"wp-caption-text\">VW Golf IV Kombi weiss<\/figcaption><\/figure><\/td>\n<\/tr>\n<tr>\n<td align=\"left\" valign=\"top\">\n<p><figure id=\"attachment_2782\" aria-describedby=\"caption-attachment-2782\" style=\"width: 300px\" class=\"wp-caption alignleft\"><a href=\"https:\/\/wl4www362.webland.ch\/guenstigautomieten\/wp-content\/uploads\/guenstige-mietautos\/guenstige_autovermietung_VW_Golf_blau_Foto.jpg\"><img loading=\"lazy\" decoding=\"async\" class=\" size-full wp-image-2782\" src=\"https:\/\/wl4www362.webland.ch\/guenstigautomieten\/wp-content\/uploads\/guenstige-mietautos\/guenstige_autovermietung_VW_Golf_blau_Foto.jpg\" alt=\"VW Golf blau\" width=\"300\" height=\"401\" \/><\/a><figcaption id=\"caption-attachment-2782\" class=\"wp-caption-text\">VW Golf Kombi blau<\/figcaption><\/figure><\/td>\n<td align=\"left\" valign=\"top\">\n<p><figure id=\"attachment_2782\" aria-describedby=\"caption-attachment-2782\" style=\"width: 300px\" class=\"wp-caption alignleft\"><a href=\"https:\/\/wl4www362.webland.ch\/guenstigautomieten\/wp-content\/uploads\/guenstige-mietautos\/VW_Golf_IV_Kombi_Automat_Foto.jpg\"><img loading=\"lazy\" decoding=\"async\" class=\" size-full wp-image-2782\" src=\"https:\/\/wl4www362.webland.ch\/guenstigautomieten\/wp-content\/uploads\/guenstige-mietautos\/VW_Golf_IV_Kombi_Automat_Foto.jpg\" alt=\" VW Golf IV Kombi Automat\" width=\"300\" height=\"401\" \/><\/a><figcaption id=\"caption-attachment-2782\" class=\"wp-caption-text\">VW Golf IV Kombi Automat<\/figcaption><\/figure><\/td>\n<\/tr>\n<tr>\n<td align=\"left\" valign=\"top\">\n<p><figure id=\"attachment_2782\" aria-describedby=\"caption-attachment-2782\" style=\"width: 300px\" class=\"wp-caption alignleft\"><a href=\"https:\/\/wl4www362.webland.ch\/guenstigautomieten\/wp-content\/uploads\/guenstige-mietautos\/guenstige_autovermietung_VW_Golf_silber_Front_Foto.jpg\"><img loading=\"lazy\" decoding=\"async\" class=\" size-full wp-image-2782\" src=\"https:\/\/wl4www362.webland.ch\/guenstigautomieten\/wp-content\/uploads\/guenstige-mietautos\/guenstige_autovermietung_VW_Golf_silber_Front_Foto.jpg\" alt=\" VW Golf station wagon silber\" width=\"300\" height=\"401\" \/><\/a><figcaption id=\"caption-attachment-2782\" class=\"wp-caption-text\">VW Golf Kombi silber<\/figcaption><\/figure><\/td>\n<td align=\"left\" valign=\"top\">\n<div class=\"mceTemp\"><\/div>\n<p><figure id=\"attachment_2772\" aria-describedby=\"caption-attachment-2772\" style=\"width: 300px\" class=\"wp-caption alignleft\"><a href=\"https:\/\/wl4www362.webland.ch\/guenstigautomieten\/wp-content\/uploads\/guenstige-mietautos\/neu_weissen_Golf_Kombi_Automat.jpg\"><img loading=\"lazy\" decoding=\"async\" class=\" size-full wp-image-2772\" src=\"https:\/\/wl4www362.webland.ch\/guenstigautomieten\/wp-content\/uploads\/guenstige-mietautos\/neu_weissen_Golf_Kombi_Automat.jpg\" alt=\" weissen Golf Kombi Automat \" width=\"300\" height=\"225\" \/><\/a><figcaption id=\"caption-attachment-2772\" class=\"wp-caption-text\">White Golf Kombi Automat<\/figcaption><\/figure><\/td>\n<\/tr>\n<tr>\n<td align=\"left\" valign=\"top\">\n<p><figure id=\"attachment_2772\" aria-describedby=\"caption-attachment-2772\" style=\"width: 300px\" class=\"wp-caption alignleft\"><a href=\"https:\/\/wl4www362.webland.ch\/guenstigautomieten\/wp-content\/uploads\/guenstige-mietautos\/Hansueli1.jpg\"><img loading=\"lazy\" decoding=\"async\" class=\" size-full wp-image-2772\" src=\"https:\/\/wl4www362.webland.ch\/guenstigautomieten\/wp-content\/uploads\/guenstige-mietautos\/Hansueli1.jpg\" alt=\"Hansueli - car Mechanic\" width=\"300\" height=\"225\" \/><\/a><figcaption id=\"caption-attachment-2772\" class=\"wp-caption-text\">Hansueli &#8211; Automechaniker<\/figcaption><\/figure><\/td>\n<td align=\"left\" valign=\"top\">\n<p><figure id=\"attachment_2770\" aria-describedby=\"caption-attachment-2770\" style=\"width: 300px\" class=\"wp-caption alignleft\"><a href=\"https:\/\/wl4www362.webland.ch\/guenstigautomieten\/wp-content\/uploads\/guenstige-mietautos\/Rolf1.jpg\"><img loading=\"lazy\" decoding=\"async\" class=\" size-full wp-image-2770\" src=\"https:\/\/wl4www362.webland.ch\/guenstigautomieten\/wp-content\/uploads\/guenstige-mietautos\/Rolf1.jpg\" alt=\"Rolf - Car plumber\" width=\"300\" height=\"225\" \/><\/a><figcaption id=\"caption-attachment-2770\" class=\"wp-caption-text\">Rolf &#8211; Autospengler<\/figcaption><\/figure><\/td>\n<\/tr>\n<tr>\n<td align=\"left\" valign=\"top\">\n<div class=\"mceTemp\"><\/div>\n<p><figure id=\"attachment_2830\" aria-describedby=\"caption-attachment-2830\" style=\"width: 300px\" class=\"wp-caption alignleft\"><a href=\"https:\/\/wl4www362.webland.ch\/guenstigautomieten\/wp-content\/uploads\/guenstige-mietautos\/Saemi11.jpg\"><img loading=\"lazy\" decoding=\"async\" class=\"size-full wp-image-2830\" src=\"https:\/\/wl4www362.webland.ch\/guenstigautomieten\/wp-content\/uploads\/guenstige-mietautos\/Saemi11.jpg\" alt=\"S\u00e4mi V\u00f6lkin - website\" width=\"300\" height=\"225\" \/><\/a><figcaption id=\"caption-attachment-2830\" class=\"wp-caption-text\">S\u00e4mi V\u00f6lkin &#8211; Webseite<\/figcaption><\/figure><\/td>\n<td align=\"left\" valign=\"top\">\n<div class=\"mceTemp\"><\/div>\n<p><figure id=\"attachment_2772\" aria-describedby=\"caption-attachment-2772\" style=\"width: 300px\" class=\"wp-caption alignleft\"><a href=\"https:\/\/wl4www362.webland.ch\/guenstigautomieten\/wp-content\/uploads\/guenstige-mietautos\/Ren\u00e9_Roman.jpg\"><img loading=\"lazy\" decoding=\"async\" class=\" size-full wp-image-2772\" src=\"https:\/\/wl4www362.webland.ch\/guenstigautomieten\/wp-content\/uploads\/guenstige-mietautos\/Ren\u00e9_Roman.jpg\" alt=\" Ren\u00e9 und Roman - glass specialists\" width=\"300\" height=\"225\" \/><\/a><figcaption id=\"caption-attachment-2772\" class=\"wp-caption-text\">Ren\u00e9 und Roman &#8211; Glass Spezialisten<\/figcaption><\/figure><\/td>\n<\/tr>\n<\/tbody>\n<\/table>\n<p id=\"links\">.<\/p>\n<h1>Link-Partners:<\/h1>\n<table border=\"1\" width=\"100%\" cellspacing=\"2\" cellpadding=\"0\">\n<tbody>\n<tr>\n<td><a href=\"https:\/\/www.autovermietung-colaianni.ch\" target=\"_blank\" rel=\"noopener noreferrer\"><img loading=\"lazy\" decoding=\"async\" class=\"alignnone size-full wp-image-2496\" src=\"https:\/\/wl4www362.webland.ch\/guenstigautomieten\/wp-content\/uploads\/guenstige-mietautos\/colaianni_logo.jpg\" alt=\"colaianni\" width=\"211\" height=\"117\" \/><\/a><\/td>\n<td><strong>Autovermietung<br \/>\nColaianni <\/strong><\/td>\n<td><strong>Ihre Autovermietung f\u00fcr langzeit oder kurzzeit mieten von Marken wie Fiat, Alfa Romeo, Mercedes, Opel,Renault in Winterthur.<\/strong><\/td>\n<td><strong><a href=\"https:\/\/www.autovermietung-colaianni.ch\" target=\"_blank\" rel=\"noopener noreferrer\">https:\/\/www.autovermietung-colaianni.ch<img loading=\"lazy\" decoding=\"async\" class=\"alignnone size-full wp-image-2500\" src=\"https:\/\/wl4www362.webland.ch\/guenstigautomieten\/wp-content\/uploads\/guenstige-mietautos\/linkExternal.gif\" alt=\"linkExternal\" width=\"17\" height=\"17\" \/><\/a><\/strong><\/td>\n<\/tr>\n<tr>\n<td><a href=\"https:\/\/www.camion-eldorado.ch\" target=\"_blank\" rel=\"noopener noreferrer\"><img loading=\"lazy\" decoding=\"async\" class=\"alignnone size-full wp-image-2497\" src=\"https:\/\/wl4www362.webland.ch\/guenstigautomieten\/wp-content\/uploads\/guenstige-mietautos\/el_dorado_logo.jpg\" alt=\"el dorado\" width=\"211\" height=\"117\" \/><\/a><\/td>\n<td><strong>El Dorado-Bar<\/strong><\/td>\n<td><strong>Die coole mobile Bar f\u00fcr jeden Anlass.<\/strong><\/td>\n<td><strong><a href=\"https:\/\/www.camion-eldorado.ch\" target=\"_blank\" rel=\"noopener noreferrer\">https:\/\/www.camion-eldorado.ch<\/a><img loading=\"lazy\" decoding=\"async\" class=\"alignnone size-full wp-image-2500\" src=\"https:\/\/wl4www362.webland.ch\/guenstigautomieten\/wp-content\/uploads\/guenstige-mietautos\/linkExternal.gif\" alt=\"linkExternal\" width=\"17\" height=\"17\" \/><\/strong><\/td>\n<\/tr>\n<tr>\n<td><a href=\"https:\/\/www.webfruit.ch\" target=\"_blank\" rel=\"noopener noreferrer\"><img loading=\"lazy\" decoding=\"async\" class=\"alignnone size-full wp-image-2498\" src=\"https:\/\/wl4www362.webland.ch\/guenstigautomieten\/wp-content\/uploads\/guenstige-mietautos\/webfruit_logo.jpg\" alt=\"webfruit\" width=\"211\" height=\"117\" \/><\/a><\/td>\n<td><strong>webfruit.ch<\/strong><\/td>\n<td><strong>Gestalte f\u00fcr Sie einen individuellen Internetauftritt. Der f\u00fcr Smartphone und Google optimiert ist.<\/strong><\/td>\n<td><strong><a href=\"https:\/\/www.webfruit.ch\" target=\"_blank\" rel=\"noopener noreferrer\">www.webfruit.ch<\/a><img loading=\"lazy\" decoding=\"async\" class=\"alignnone size-full wp-image-2500\" src=\"https:\/\/wl4www362.webland.ch\/guenstigautomieten\/wp-content\/uploads\/guenstige-mietautos\/linkExternal.gif\" alt=\"linkExternal\" width=\"17\" height=\"17\" \/><\/strong><\/td>\n<\/tr>\n<\/tbody>\n<\/table>\n","protected":false},"excerpt":{"rendered":"<p>Adresse: AutoMieten Heim GmbH, Blumenaustrasse 21, 8400 Winterthur Anreise mit dem \u00d6V: Vom Bahnhof Winterthur mit der Buslinie 2 Richtung W\u00fclflingen bis Haltestelle Blumenau. Beim Lichtsignal die W\u00fclflingerstrasse \u00fcberqueren. Nach ca. 200 Metern an der Blumenaustrasse finden Sie unser B\u00fcro an der Hausnummer 21. . Fotos: . Link-Partners: Autovermietung Colaianni Ihre Autovermietung f\u00fcr langzeit oder [&hellip;]<\/p>\n","protected":false},"author":1,"featured_media":0,"parent":0,"menu_order":0,"comment_status":"closed","ping_status":"closed","template":"","meta":{"site-sidebar-layout":"default","site-content-layout":"","ast-site-content-layout":"","site-content-style":"default","site-sidebar-style":"default","ast-global-header-display":"","ast-banner-title-visibility":"","ast-main-header-display":"","ast-hfb-above-header-display":"","ast-hfb-below-header-display":"","ast-hfb-mobile-header-display":"","site-post-title":"","ast-breadcrumbs-content":"","ast-featured-img":"","footer-sml-layout":"","theme-transparent-header-meta":"","adv-header-id-meta":"","stick-header-meta":"","header-above-stick-meta":"","header-main-stick-meta":"","header-below-stick-meta":"","astra-migrate-meta-layouts":"default","ast-page-background-enabled":"default","ast-page-background-meta":{"desktop":{"background-color":"var(--ast-global-color-4)","background-image":"","background-repeat":"repeat","background-position":"center center","background-size":"auto","background-attachment":"scroll","background-type":"","background-media":"","overlay-type":"","overlay-color":"","overlay-gradient":""},"tablet":{"background-color":"","background-image":"","background-repeat":"repeat","background-position":"center center","background-size":"auto","background-attachment":"scroll","background-type":"","background-media":"","overlay-type":"","overlay-color":"","overlay-gradient":""},"mobile":{"background-color":"","background-image":"","background-repeat":"repeat","background-position":"center center","background-size":"auto","background-attachment":"scroll","background-type":"","background-media":"","overlay-type":"","overlay-color":"","overlay-gradient":""}},"ast-content-background-meta":{"desktop":{"background-color":"var(--ast-global-color-5)","background-image":"","background-repeat":"repeat","background-position":"center center","background-size":"auto","background-attachment":"scroll","background-type":"","background-media":"","overlay-type":"","overlay-color":"","overlay-gradient":""},"tablet":{"background-color":"var(--ast-global-color-5)","background-image":"","background-repeat":"repeat","background-position":"center center","background-size":"auto","background-attachment":"scroll","background-type":"","background-media":"","overlay-type":"","overlay-color":"","overlay-gradient":""},"mobile":{"background-color":"var(--ast-global-color-5)","background-image":"","background-repeat":"repeat","background-position":"center center","background-size":"auto","background-attachment":"scroll","background-type":"","background-media":"","overlay-type":"","overlay-color":"","overlay-gradient":""}},"footnotes":""},"aioseo_notices":[],"_links":{"self":[{"href":"https:\/\/wl4www362.webland.ch\/guenstigautomieten\/wp-json\/wp\/v2\/pages\/1290"}],"collection":[{"href":"https:\/\/wl4www362.webland.ch\/guenstigautomieten\/wp-json\/wp\/v2\/pages"}],"about":[{"href":"https:\/\/wl4www362.webland.ch\/guenstigautomieten\/wp-json\/wp\/v2\/types\/page"}],"author":[{"embeddable":true,"href":"https:\/\/wl4www362.webland.ch\/guenstigautomieten\/wp-json\/wp\/v2\/users\/1"}],"replies":[{"embeddable":true,"href":"https:\/\/wl4www362.webland.ch\/guenstigautomieten\/wp-json\/wp\/v2\/comments?post=1290"}],"version-history":[{"count":5,"href":"https:\/\/wl4www362.webland.ch\/guenstigautomieten\/wp-json\/wp\/v2\/pages\/1290\/revisions"}],"predecessor-version":[{"id":6723,"href":"https:\/\/wl4www362.webland.ch\/guenstigautomieten\/wp-json\/wp\/v2\/pages\/1290\/revisions\/6723"}],"wp:attachment":[{"href":"https:\/\/wl4www362.webland.ch\/guenstigautomieten\/wp-json\/wp\/v2\/media?parent=1290"}],"curies":[{"name":"wp","href":"https:\/\/api.w.org\/{rel}","templated":true}]}}