{"id":1647,"date":"2014-08-06T09:28:36","date_gmt":"2014-08-06T09:28:36","guid":{"rendered":"https:\/\/wl4www362.webland.ch\/guenstigautomieten\/?page_id=1647"},"modified":"2022-07-14T21:29:07","modified_gmt":"2022-07-14T19:29:07","slug":"nissan-interstar-diesel-white","status":"publish","type":"page","link":"https:\/\/wl4www362.webland.ch\/guenstigautomieten\/nissan-interstar-diesel-white","title":{"rendered":"Nissan Interstar Diesel"},"content":{"rendered":"<p><img loading=\"lazy\" decoding=\"async\" class=\"alignnone size-full wp-image-570\" title=\"Interstar Diesel white\" src=\"https:\/\/wl4www362.webland.ch\/guenstigautomieten\/wp-content\/uploads\/\/guenstige-mietautos\/guenstig_auto_mieten_Nissan-Interstar_white.jpg\" alt=\"Nissan Interstar Diesel\" width=\"970\" height=\"225\" \/><br \/>\n<strong>Der zeitgem\u00e4sse und praktische Personenbus.<br \/>\nJe nach Wunsch mit 3, 6 oder 9 Sitzpl\u00e4tzen und sehr viel Stauraum.<br \/>\nAnh\u00e4ngerkupplung bis 2000 kg. H\u00f6he vom Auto 2.25 Meter.<\/strong><\/p>\n<p><strong>Mit Klimaanlage, Fernbedienung, automatischem Licht, 125 PS, schwarz get\u00f6nten Scheiben,<br \/>\nRadio\/CD, Airbags\/ABS, Servolenkung, und Spiegelheizung.<\/strong><\/p>\n<p><strong>Kann auch als Transporter gemietet werden. Masse Transportraum:<\/strong><br \/>\n<strong>L 265 cm, H: 160 cm, B: 165 cm. Nutzlast 840 kg.<\/strong><\/p>\n<p><strong>Nichtraucherauto. Kann mit der normalen Fahrerlizenz B gefahren werden.<\/strong><\/p>\n<p><strong>Verbrauch rund 8.2 Liter Diesel pro 100 km.<\/strong><\/p>\n<p><img loading=\"lazy\" decoding=\"async\" style=\"border: none;\" title=\"blind gif\" src=\"https:\/\/wl4www362.webland.ch\/guenstigautomieten\/wp-content\/uploads\/\/guenstige-mietautos\/bg.gif\" alt=\"blind gif\" width=\"1\" height=\"2\" \/><br \/>\n<strong>Preise:<br \/>\n(Die komplette Preisliste finden Sie auf dieser Seite unter &#8222;Dokumente zum downloaden&#8220;)<\/strong><br \/>\n<a href=\"https:\/\/wl4www362.webland.ch\/guenstigautomieten\/wp-content\/uploads\/guenstige-mietautos\/\/Preisliste_guenstiger_Nissan_Interstar_kurz_de.pdf\" class=\"pdfemb-viewer\" style=\"width:800px;\" data-width=\"800\" data-height=\"max\" data-toolbar=\"bottom\" data-toolbar-fixed=\"off\">Preisliste_guenstiger_Nissan_Interstar_kurz_de<\/a><br \/>\n<img loading=\"lazy\" decoding=\"async\" style=\"border: none;\" title=\"blind gif\" src=\"https:\/\/wl4www362.webland.ch\/guenstigautomieten\/wp-content\/uploads\/\/guenstige-mietautos\/bg.gif\" alt=\"blind gif\" width=\"1\" height=\"2\" \/><br \/>\n<strong>Weitere Angaben:<br \/>\n<span style=\"color: #3366ff; font-size: 12px; line-height: 18px; background-color: #ffffff;\">Letzte MfK: 30. September 2020<br \/>\nLetzter Unterhaltsservice: Juli 2022 bei AWD Garage Geitlinger, 8405 Winterthur<br \/>\nLetzte Abgaskontrolle: November 2021<br \/>\nBei AutoMieten Heim GmbH seit: Januar 2015<br \/>\n<\/span><\/strong><br \/>\n<!-- WP Attachments -->\r\n        <div style=\"width:100%;margin:10px 0 10px 0;\">\r\n            <h3>Dokumente zum downloaden :<\/h3>\r\n        <ul class=\"post-attachments\"><li class=\"post-attachment mime-application-pdf\"><a target=\"_blank\" href=\"https:\/\/wl4www362.webland.ch\/guenstigautomieten\/wp-content\/uploads\/guenstige-mietautos\/VertragNissanInterstarII-1.pdf\">Vertrag Nissan Interstar II<\/a> <small>(548 kB)<\/small><\/li><li class=\"post-attachment mime-application-pdf\"><a target=\"_blank\" href=\"https:\/\/wl4www362.webland.ch\/guenstigautomieten\/wp-content\/uploads\/guenstige-mietautos\/PreislisteNissanInterstarII.pdf\">Preisliste Nissan Interstar<\/a> <small>(100 kB)<\/small><\/li><li class=\"post-attachment mime-application-pdf\"><a target=\"_blank\" href=\"https:\/\/wl4www362.webland.ch\/guenstigautomieten\/wp-content\/uploads\/guenstige-mietautos\/Mietbedingungen-16.pdf\">Mietbedingungen<\/a> <small>(347 kB)<\/small><\/li><li class=\"post-attachment mime-application-pdf\"><a target=\"_blank\" href=\"https:\/\/wl4www362.webland.ch\/guenstigautomieten\/wp-content\/uploads\/guenstige-mietautos\/PreislisteZubehoer-7.pdf\">Preisliste Zubeh\u00f6r<\/a> <small>(96 kB)<\/small><\/li><\/ul><\/div><br \/>\n\n<div class=\"wpcf7 no-js\" id=\"wpcf7-f2560-o1\" lang=\"en-US\" dir=\"ltr\">\n<div class=\"screen-reader-response\"><p role=\"status\" aria-live=\"polite\" aria-atomic=\"true\"><\/p> <ul><\/ul><\/div>\n<form action=\"\/guenstigautomieten\/wp-json\/wp\/v2\/pages\/1647#wpcf7-f2560-o1\" method=\"post\" class=\"wpcf7-form init\" aria-label=\"Contact form\" novalidate=\"novalidate\" data-status=\"init\">\n<div style=\"display: none;\">\n<input type=\"hidden\" name=\"_wpcf7\" value=\"2560\" \/>\n<input type=\"hidden\" name=\"_wpcf7_version\" value=\"5.9.8\" \/>\n<input type=\"hidden\" name=\"_wpcf7_locale\" value=\"en_US\" \/>\n<input type=\"hidden\" name=\"_wpcf7_unit_tag\" value=\"wpcf7-f2560-o1\" \/>\n<input type=\"hidden\" name=\"_wpcf7_container_post\" value=\"0\" \/>\n<input type=\"hidden\" name=\"_wpcf7_posted_data_hash\" value=\"\" \/>\n<\/div>\n<p><b>Reservationsanfrage:<\/b>\n<\/p>\n<p><b>Ich m\u00f6chte dieses Fahrzeug in folgendem Zeitraum mieten:<br \/>\nvon:<span class=\"wpcf7-form-control-wrap\" data-name=\"date-4\"><input class=\"wpcf7-form-control wpcf7-date wpcf7-validates-as-date\" aria-invalid=\"false\" value=\"\" type=\"date\" name=\"date-4\" \/><\/span><br \/>\nbis: <span class=\"wpcf7-form-control-wrap\" data-name=\"date-5\"><input class=\"wpcf7-form-control wpcf7-date wpcf7-validates-as-date\" aria-invalid=\"false\" value=\"\" type=\"date\" name=\"date-5\" \/><\/span><\/b>\n<\/p>\n<p>Mein Name (Pflichtfeld)\n<\/p>\n<p><span class=\"wpcf7-form-control-wrap\" data-name=\"your-name\"><input size=\"40\" maxlength=\"400\" class=\"wpcf7-form-control wpcf7-text wpcf7-validates-as-required\" aria-required=\"true\" aria-invalid=\"false\" value=\"\" type=\"text\" name=\"your-name\" \/><\/span>\n<\/p>\n<p>Meine E-Mail-Adresse: (Pflichtfeld)\n<\/p>\n<p><span class=\"wpcf7-form-control-wrap\" data-name=\"your-email\"><input size=\"40\" maxlength=\"400\" class=\"wpcf7-form-control wpcf7-email wpcf7-validates-as-required wpcf7-text wpcf7-validates-as-email\" aria-required=\"true\" aria-invalid=\"false\" value=\"\" type=\"email\" name=\"your-email\" \/><\/span>\n<\/p>\n<p>Meine Telefonnummer:\n<\/p>\n<p><span class=\"wpcf7-form-control-wrap\" data-name=\"text-478\"><input size=\"40\" maxlength=\"400\" class=\"wpcf7-form-control wpcf7-text\" aria-invalid=\"false\" value=\"\" type=\"text\" name=\"text-478\" \/><\/span>\n<\/p>\n<p>Meine Nachricht an Sie:\n<\/p>\n<p><span class=\"wpcf7-form-control-wrap\" data-name=\"your-message\"><textarea cols=\"40\" rows=\"10\" maxlength=\"2000\" class=\"wpcf7-form-control wpcf7-textarea\" aria-invalid=\"false\" name=\"your-message\"><\/textarea><\/span>\n<\/p>\n<p><input class=\"wpcf7-form-control wpcf7-submit has-spinner\" type=\"submit\" value=\"Senden\" \/>\n<\/p><div class=\"wpcf7-response-output\" aria-hidden=\"true\"><\/div>\n<\/form>\n<\/div>\n<br \/>\n<strong><a class=\"myButton41\" href=\"https:\/\/wl4www362.webland.ch\/guenstigautomieten\/mietautos-car-rental\">weitere Mietautos &gt;&gt;<\/a><\/strong><\/p>\n","protected":false},"excerpt":{"rendered":"<p>Der zeitgem\u00e4sse und praktische Personenbus. Je nach Wunsch mit 3, 6 oder 9 Sitzpl\u00e4tzen und sehr viel Stauraum. Anh\u00e4ngerkupplung bis 2000 kg. H\u00f6he vom Auto 2.25 Meter. Mit Klimaanlage, Fernbedienung, automatischem Licht, 125 PS, schwarz get\u00f6nten Scheiben, Radio\/CD, Airbags\/ABS, Servolenkung, und Spiegelheizung. Kann auch als Transporter gemietet werden. Masse Transportraum: L 265 cm, H: 160 [&hellip;]<\/p>\n","protected":false},"author":1,"featured_media":0,"parent":0,"menu_order":0,"comment_status":"closed","ping_status":"closed","template":"","meta":{"site-sidebar-layout":"default","site-content-layout":"","ast-site-content-layout":"","site-content-style":"default","site-sidebar-style":"default","ast-global-header-display":"","ast-banner-title-visibility":"","ast-main-header-display":"","ast-hfb-above-header-display":"","ast-hfb-below-header-display":"","ast-hfb-mobile-header-display":"","site-post-title":"","ast-breadcrumbs-content":"","ast-featured-img":"","footer-sml-layout":"","theme-transparent-header-meta":"","adv-header-id-meta":"","stick-header-meta":"","header-above-stick-meta":"","header-main-stick-meta":"","header-below-stick-meta":"","astra-migrate-meta-layouts":"default","ast-page-background-enabled":"default","ast-page-background-meta":{"desktop":{"background-color":"var(--ast-global-color-4)","background-image":"","background-repeat":"repeat","background-position":"center center","background-size":"auto","background-attachment":"scroll","background-type":"","background-media":"","overlay-type":"","overlay-color":"","overlay-gradient":""},"tablet":{"background-color":"","background-image":"","background-repeat":"repeat","background-position":"center center","background-size":"auto","background-attachment":"scroll","background-type":"","background-media":"","overlay-type":"","overlay-color":"","overlay-gradient":""},"mobile":{"background-color":"","background-image":"","background-repeat":"repeat","background-position":"center center","background-size":"auto","background-attachment":"scroll","background-type":"","background-media":"","overlay-type":"","overlay-color":"","overlay-gradient":""}},"ast-content-background-meta":{"desktop":{"background-color":"var(--ast-global-color-5)","background-image":"","background-repeat":"repeat","background-position":"center center","background-size":"auto","background-attachment":"scroll","background-type":"","background-media":"","overlay-type":"","overlay-color":"","overlay-gradient":""},"tablet":{"background-color":"var(--ast-global-color-5)","background-image":"","background-repeat":"repeat","background-position":"center center","background-size":"auto","background-attachment":"scroll","background-type":"","background-media":"","overlay-type":"","overlay-color":"","overlay-gradient":""},"mobile":{"background-color":"var(--ast-global-color-5)","background-image":"","background-repeat":"repeat","background-position":"center center","background-size":"auto","background-attachment":"scroll","background-type":"","background-media":"","overlay-type":"","overlay-color":"","overlay-gradient":""}},"footnotes":""},"aioseo_notices":[],"_links":{"self":[{"href":"https:\/\/wl4www362.webland.ch\/guenstigautomieten\/wp-json\/wp\/v2\/pages\/1647"}],"collection":[{"href":"https:\/\/wl4www362.webland.ch\/guenstigautomieten\/wp-json\/wp\/v2\/pages"}],"about":[{"href":"https:\/\/wl4www362.webland.ch\/guenstigautomieten\/wp-json\/wp\/v2\/types\/page"}],"author":[{"embeddable":true,"href":"https:\/\/wl4www362.webland.ch\/guenstigautomieten\/wp-json\/wp\/v2\/users\/1"}],"replies":[{"embeddable":true,"href":"https:\/\/wl4www362.webland.ch\/guenstigautomieten\/wp-json\/wp\/v2\/comments?post=1647"}],"version-history":[{"count":6,"href":"https:\/\/wl4www362.webland.ch\/guenstigautomieten\/wp-json\/wp\/v2\/pages\/1647\/revisions"}],"predecessor-version":[{"id":6733,"href":"https:\/\/wl4www362.webland.ch\/guenstigautomieten\/wp-json\/wp\/v2\/pages\/1647\/revisions\/6733"}],"wp:attachment":[{"href":"https:\/\/wl4www362.webland.ch\/guenstigautomieten\/wp-json\/wp\/v2\/media?parent=1647"}],"curies":[{"name":"wp","href":"https:\/\/api.w.org\/{rel}","templated":true}]}}