{"id":5761,"date":"2020-02-16T07:22:47","date_gmt":"2020-02-16T05:22:47","guid":{"rendered":"https:\/\/wl4www362.webland.ch\/guenstigautomieten\/?page_id=5761"},"modified":"2023-10-29T09:48:32","modified_gmt":"2023-10-29T07:48:32","slug":"autovermietung-2","status":"publish","type":"page","link":"https:\/\/wl4www362.webland.ch\/guenstigautomieten\/","title":{"rendered":"Autovermietung"},"content":{"rendered":"\n<p><strong>Wir schliessen leider unser Gesch\u00e4ft und vermieten keine Autos mehr !<\/strong><br><strong>Wir danken unseren Kunden:innen f\u00fcr das jahrelange Vertrauen in unsere Unternehmung. <\/strong><\/p>\n\n\n\n<p><strong>Sie konnten gepflegte VW Golf Kombis sowie ger\u00e4umige Personenbusse und mittelgrosse Transporter mieten.<\/strong><\/p>\n\n\n\n<p>.<\/p>\n\n\n\n<div class=\"wp-block-columns is-layout-flex wp-container-core-columns-layout-1 wp-block-columns-is-layout-flex\">\n<div class=\"wp-block-column is-layout-flow wp-block-column-is-layout-flow\">\n<figure class=\"wp-block-image aligncenter size-large is-style-rounded\"><a href=\"https:\/\/wl4www362.webland.ch\/guenstigautomieten\/vw-golf-iv-kombi-weiss\"><img loading=\"lazy\" decoding=\"async\" width=\"200\" height=\"150\" src=\"https:\/\/wl4www362.webland.ch\/guenstigautomieten\/wp-content\/uploads\/guenstige-mietautos\/guenstig_autovermieten_VW_Golf_IV_Kombi_Automat_weiss_2-1.jpg\" alt=\"\" class=\"wp-image-5672\"\/><\/a><\/figure>\n\n\n\n<p class=\"has-text-align-center\"><a href=\"https:\/\/wl4www362.webland.ch\/guenstigautomieten\/vw-golf-iv-kombi-weiss\"> <strong>VW Golf Kombi <\/strong> <\/a><\/p>\n\n\n\n<div class=\"wp-block-buttons is-horizontal is-content-justification-center is-layout-flex wp-container-core-buttons-layout-1 wp-block-buttons-is-layout-flex\">\n<div class=\"wp-block-button aligncenter is-style-outline\"><a class=\"wp-block-button__link has-very-dark-gray-color has-text-color has-background\" href=\"https:\/\/wl4www362.webland.ch\/guenstigautomieten\/vw-golf-iv-kombi-weiss\" style=\"background-color:#ffde2e\" target=\"_blank\" rel=\"noreferrer noopener\">VW GOLF KOMBI<br>MIETEN<\/a><\/div>\n<\/div>\n\n\n\n<p><\/p>\n<\/div>\n\n\n\n<div class=\"wp-block-column is-layout-flow wp-block-column-is-layout-flow\">\n<figure class=\"wp-block-image aligncenter size-large is-style-rounded\"><a href=\"https:\/\/wl4www362.webland.ch\/guenstigautomieten\/nissan-interstar-diesel-white\"><img decoding=\"async\" src=\"https:\/\/wl4www362.webland.ch\/guenstigautomieten\/wp-content\/uploads\/guenstige-mietautos\/guenstig_mieten_Nissan_Interstar_Diesel_white-1.jpg\" alt=\"\" class=\"wp-image-5615\"\/><\/a><\/figure>\n\n\n\n<p class=\"has-text-align-center\"><a href=\"https:\/\/wl4www362.webland.ch\/guenstigautomieten\/nissan-interstar-diesel-white\"> <strong>Nissan Interstar <\/strong> <\/a><\/p>\n\n\n\n<div class=\"wp-block-buttons is-horizontal is-content-justification-center is-layout-flex wp-container-core-buttons-layout-2 wp-block-buttons-is-layout-flex\">\n<div class=\"wp-block-button aligncenter is-style-outline\"><a class=\"wp-block-button__link has-very-dark-gray-color has-text-color has-background\" href=\"https:\/\/wl4www362.webland.ch\/guenstigautomieten\/nissan-interstar-diesel-white\" style=\"background-color:#ffde2e\" target=\"_blank\" rel=\"noreferrer noopener\">PERSONENBUS ODER TRANSPORTER MIETEN<\/a><\/div>\n<\/div>\n<\/div>\n<\/div>\n\n\n\n<div class=\"wp-block-columns is-layout-flex wp-container-core-columns-layout-2 wp-block-columns-is-layout-flex\"><\/div>\n\n\n\n<div class=\"wp-block-columns is-layout-flex wp-container-core-columns-layout-3 wp-block-columns-is-layout-flex\"><\/div>\n\n\n\n<div class=\"wp-block-columns is-layout-flex wp-container-core-columns-layout-4 wp-block-columns-is-layout-flex\">\n<div class=\"wp-block-column is-layout-flow wp-block-column-is-layout-flow\" style=\"flex-basis:33.33%\">\n<figure class=\"wp-block-image size-medium is-resized\"><img loading=\"lazy\" decoding=\"async\" src=\"https:\/\/wl4www362.webland.ch\/guenstigautomieten\/wp-content\/uploads\/guenstige-mietautos\/Logo1-210x300.png\" alt=\"\" class=\"wp-image-4547\" width=\"240\" height=\"330\"\/><\/figure>\n<\/div>\n\n\n\n<div class=\"wp-block-column is-layout-flow wp-block-column-is-layout-flow\" style=\"flex-basis:66.66%\">\n<p><\/p>\n\n\n\n<p><\/p>\n<\/div>\n<\/div>\n\n\n<p><!-- \/wp:columns --><\/p>","protected":false},"excerpt":{"rendered":"<p>Wir schliessen leider unser Gesch\u00e4ft und vermieten keine Autos mehr !Wir danken unseren Kunden:innen f\u00fcr das jahrelange Vertrauen in unsere Unternehmung. Sie konnten gepflegte VW Golf Kombis sowie ger\u00e4umige Personenbusse und mittelgrosse Transporter mieten. . VW Golf Kombi Nissan Interstar<\/p>\n","protected":false},"author":1,"featured_media":0,"parent":0,"menu_order":0,"comment_status":"closed","ping_status":"closed","template":"","meta":{"site-sidebar-layout":"default","site-content-layout":"","ast-site-content-layout":"","site-content-style":"default","site-sidebar-style":"default","ast-global-header-display":"","ast-banner-title-visibility":"","ast-main-header-display":"","ast-hfb-above-header-display":"","ast-hfb-below-header-display":"","ast-hfb-mobile-header-display":"","site-post-title":"","ast-breadcrumbs-content":"","ast-featured-img":"","footer-sml-layout":"","theme-transparent-header-meta":"","adv-header-id-meta":"","stick-header-meta":"","header-above-stick-meta":"","header-main-stick-meta":"","header-below-stick-meta":"","astra-migrate-meta-layouts":"default","ast-page-background-enabled":"default","ast-page-background-meta":{"desktop":{"background-color":"var(--ast-global-color-4)","background-image":"","background-repeat":"repeat","background-position":"center center","background-size":"auto","background-attachment":"scroll","background-type":"","background-media":"","overlay-type":"","overlay-color":"","overlay-gradient":""},"tablet":{"background-color":"","background-image":"","background-repeat":"repeat","background-position":"center center","background-size":"auto","background-attachment":"scroll","background-type":"","background-media":"","overlay-type":"","overlay-color":"","overlay-gradient":""},"mobile":{"background-color":"","background-image":"","background-repeat":"repeat","background-position":"center center","background-size":"auto","background-attachment":"scroll","background-type":"","background-media":"","overlay-type":"","overlay-color":"","overlay-gradient":""}},"ast-content-background-meta":{"desktop":{"background-color":"var(--ast-global-color-5)","background-image":"","background-repeat":"repeat","background-position":"center center","background-size":"auto","background-attachment":"scroll","background-type":"","background-media":"","overlay-type":"","overlay-color":"","overlay-gradient":""},"tablet":{"background-color":"var(--ast-global-color-5)","background-image":"","background-repeat":"repeat","background-position":"center center","background-size":"auto","background-attachment":"scroll","background-type":"","background-media":"","overlay-type":"","overlay-color":"","overlay-gradient":""},"mobile":{"background-color":"var(--ast-global-color-5)","background-image":"","background-repeat":"repeat","background-position":"center center","background-size":"auto","background-attachment":"scroll","background-type":"","background-media":"","overlay-type":"","overlay-color":"","overlay-gradient":""}},"footnotes":""},"aioseo_notices":[],"_links":{"self":[{"href":"https:\/\/wl4www362.webland.ch\/guenstigautomieten\/wp-json\/wp\/v2\/pages\/5761"}],"collection":[{"href":"https:\/\/wl4www362.webland.ch\/guenstigautomieten\/wp-json\/wp\/v2\/pages"}],"about":[{"href":"https:\/\/wl4www362.webland.ch\/guenstigautomieten\/wp-json\/wp\/v2\/types\/page"}],"author":[{"embeddable":true,"href":"https:\/\/wl4www362.webland.ch\/guenstigautomieten\/wp-json\/wp\/v2\/users\/1"}],"replies":[{"embeddable":true,"href":"https:\/\/wl4www362.webland.ch\/guenstigautomieten\/wp-json\/wp\/v2\/comments?post=5761"}],"version-history":[{"count":5,"href":"https:\/\/wl4www362.webland.ch\/guenstigautomieten\/wp-json\/wp\/v2\/pages\/5761\/revisions"}],"predecessor-version":[{"id":6835,"href":"https:\/\/wl4www362.webland.ch\/guenstigautomieten\/wp-json\/wp\/v2\/pages\/5761\/revisions\/6835"}],"wp:attachment":[{"href":"https:\/\/wl4www362.webland.ch\/guenstigautomieten\/wp-json\/wp\/v2\/media?parent=5761"}],"curies":[{"name":"wp","href":"https:\/\/api.w.org\/{rel}","templated":true}]}}