{"id":5880,"date":"2020-02-28T16:13:33","date_gmt":"2020-02-28T14:13:33","guid":{"rendered":"https:\/\/wl4www362.webland.ch\/guenstigautomieten\/?page_id=5880"},"modified":"2022-02-26T20:22:46","modified_gmt":"2022-02-26T18:22:46","slug":"impressum","status":"publish","type":"page","link":"https:\/\/wl4www362.webland.ch\/guenstigautomieten\/impressum","title":{"rendered":"Impressum"},"content":{"rendered":"\n<p><strong>Verantwortlich f\u00fcr den Inhalt:<\/strong><br>AutoMieten Heim GmbH<br>Blumenaustrasse 21<br>8400 Winterthur<br>+41 (0)79 278 27 93<br>+41 (0)52 222 44 85<br>guenstigautomieten@gmx.ch<\/p>\n\n\n\n<p>Bankverbindung: Migros Bank AG, 8001 Z\u00fcrich<br>IBAN:                       CH32 0840 1000 0591 4442 4<br>BC:                            80-533-6<\/p>\n\n\n\n<p><strong>Gew\u00e4hrleistung:<\/strong><br>Wir bem\u00fchen uns um m\u00f6glichst korrekte und aktuelle Information.<br>Die Inhalte wurden sorgf\u00e4ltig erarbeitet. Trotzdem k\u00f6nnen Fehler auftreten.<br>Autoren und Herausgeber \u00fcbernehmen keine Gew\u00e4hr und Haftung f\u00fcr die Richtigkeit,<br>Zuverl\u00e4ssigkeit, Vollst\u00e4ndigkeit und Aktualit\u00e4t der Information.<br>Die Verwendung der Website und der darin enthaltenen Informationen erfolgt auf eigene Gefahr.<br>\u00c4nderungen k\u00f6nnen jederzeit vorgenommen werden.<\/p>\n\n\n\n<p>Rechtsform: GmbH<br>Eintrag ins Handelsregister: 23. Oktober 2015 <br>Handelsregister-Nummer:    CHE-206.827.217<br><\/p>\n\n\n\n<p><strong>Zweck:<\/strong><br>Der Zweck der Gesellschaft ist die Vermietung von Personen- und Nutzfahrzeugen.<\/p>\n\n\n\n<p><strong>Web Content Management System (CMS)<\/strong><br>Dieser Internetauftritt basiert auf dem Web Content Management System WordPress.<\/p>\n\n\n\n<p><strong>Entwicklung, Konzeption &amp; Realisierung des Onlineportals:<\/strong><br>Marcel Heim und S\u00e4mi V\u00f6lkin.<\/p>\n","protected":false},"excerpt":{"rendered":"<p>Verantwortlich f\u00fcr den Inhalt:AutoMieten Heim GmbHBlumenaustrasse 218400 Winterthur+41 (0)79 278 27 93+41 (0)52 222 44 85guenstigautomieten@gmx.ch Bankverbindung: Migros Bank AG, 8001 Z\u00fcrichIBAN: CH32 0840 1000 0591 4442 4BC: 80-533-6 Gew\u00e4hrleistung:Wir bem\u00fchen uns um m\u00f6glichst korrekte und aktuelle Information.Die Inhalte wurden sorgf\u00e4ltig erarbeitet. Trotzdem k\u00f6nnen Fehler auftreten.Autoren und Herausgeber \u00fcbernehmen keine Gew\u00e4hr und Haftung f\u00fcr die [&hellip;]<\/p>\n","protected":false},"author":1,"featured_media":0,"parent":0,"menu_order":0,"comment_status":"closed","ping_status":"closed","template":"","meta":{"site-sidebar-layout":"default","site-content-layout":"","ast-site-content-layout":"","site-content-style":"default","site-sidebar-style":"default","ast-global-header-display":"","ast-banner-title-visibility":"","ast-main-header-display":"","ast-hfb-above-header-display":"","ast-hfb-below-header-display":"","ast-hfb-mobile-header-display":"","site-post-title":"","ast-breadcrumbs-content":"","ast-featured-img":"","footer-sml-layout":"","theme-transparent-header-meta":"","adv-header-id-meta":"","stick-header-meta":"","header-above-stick-meta":"","header-main-stick-meta":"","header-below-stick-meta":"","astra-migrate-meta-layouts":"default","ast-page-background-enabled":"default","ast-page-background-meta":{"desktop":{"background-color":"var(--ast-global-color-4)","background-image":"","background-repeat":"repeat","background-position":"center center","background-size":"auto","background-attachment":"scroll","background-type":"","background-media":"","overlay-type":"","overlay-color":"","overlay-gradient":""},"tablet":{"background-color":"","background-image":"","background-repeat":"repeat","background-position":"center center","background-size":"auto","background-attachment":"scroll","background-type":"","background-media":"","overlay-type":"","overlay-color":"","overlay-gradient":""},"mobile":{"background-color":"","background-image":"","background-repeat":"repeat","background-position":"center center","background-size":"auto","background-attachment":"scroll","background-type":"","background-media":"","overlay-type":"","overlay-color":"","overlay-gradient":""}},"ast-content-background-meta":{"desktop":{"background-color":"var(--ast-global-color-5)","background-image":"","background-repeat":"repeat","background-position":"center center","background-size":"auto","background-attachment":"scroll","background-type":"","background-media":"","overlay-type":"","overlay-color":"","overlay-gradient":""},"tablet":{"background-color":"var(--ast-global-color-5)","background-image":"","background-repeat":"repeat","background-position":"center center","background-size":"auto","background-attachment":"scroll","background-type":"","background-media":"","overlay-type":"","overlay-color":"","overlay-gradient":""},"mobile":{"background-color":"var(--ast-global-color-5)","background-image":"","background-repeat":"repeat","background-position":"center center","background-size":"auto","background-attachment":"scroll","background-type":"","background-media":"","overlay-type":"","overlay-color":"","overlay-gradient":""}},"footnotes":""},"aioseo_notices":[],"_links":{"self":[{"href":"https:\/\/wl4www362.webland.ch\/guenstigautomieten\/wp-json\/wp\/v2\/pages\/5880"}],"collection":[{"href":"https:\/\/wl4www362.webland.ch\/guenstigautomieten\/wp-json\/wp\/v2\/pages"}],"about":[{"href":"https:\/\/wl4www362.webland.ch\/guenstigautomieten\/wp-json\/wp\/v2\/types\/page"}],"author":[{"embeddable":true,"href":"https:\/\/wl4www362.webland.ch\/guenstigautomieten\/wp-json\/wp\/v2\/users\/1"}],"replies":[{"embeddable":true,"href":"https:\/\/wl4www362.webland.ch\/guenstigautomieten\/wp-json\/wp\/v2\/comments?post=5880"}],"version-history":[{"count":4,"href":"https:\/\/wl4www362.webland.ch\/guenstigautomieten\/wp-json\/wp\/v2\/pages\/5880\/revisions"}],"predecessor-version":[{"id":6639,"href":"https:\/\/wl4www362.webland.ch\/guenstigautomieten\/wp-json\/wp\/v2\/pages\/5880\/revisions\/6639"}],"wp:attachment":[{"href":"https:\/\/wl4www362.webland.ch\/guenstigautomieten\/wp-json\/wp\/v2\/media?parent=5880"}],"curies":[{"name":"wp","href":"https:\/\/api.w.org\/{rel}","templated":true}]}}